{"id":13,"date":"2016-03-26T14:10:20","date_gmt":"2016-03-26T13:10:20","guid":{"rendered":"http:\/\/bernardghobert.be\/?page_id=13"},"modified":"2016-05-07T12:06:37","modified_gmt":"2016-05-07T11:06:37","slug":"lartiste","status":"publish","type":"page","link":"http:\/\/bernardghobert.be\/","title":{"rendered":"L&rsquo;artiste"},"content":{"rendered":"<p class=\"western\">Bienvenue sur le site consacr\u00e9 \u00e0 l\u2019\u0153uvre de Bernard Ghobert.<\/p>\n<h2 class=\"western\" align=\"JUSTIFY\">Bernard Ghobert, cavalier solitaire et po\u00e8te de l\u2019abstrait\u00a0:<\/h2>\n<figure id=\"attachment_14\" aria-describedby=\"caption-attachment-14\" style=\"width: 221px\" class=\"wp-caption alignright\"><img loading=\"lazy\" class=\"wp-image-14 size-medium\" src=\"http:\/\/bernardghobert.be\/wp-content\/uploads\/2016\/03\/Photo-Bernard-Ghobert-1-221x300.jpg\" alt=\"Photo Bernard Ghobert 1\" width=\"221\" height=\"300\" srcset=\"http:\/\/bernardghobert.be\/wp-content\/uploads\/2016\/03\/Photo-Bernard-Ghobert-1-221x300.jpg 221w, http:\/\/bernardghobert.be\/wp-content\/uploads\/2016\/03\/Photo-Bernard-Ghobert-1-768x1044.jpg 768w, http:\/\/bernardghobert.be\/wp-content\/uploads\/2016\/03\/Photo-Bernard-Ghobert-1-754x1024.jpg 754w\" sizes=\"(max-width: 221px) 100vw, 221px\" \/><figcaption id=\"caption-attachment-14\" class=\"wp-caption-text\">Bernard Ghobert dans les ann\u00e9es 60<\/figcaption><\/figure>\n<p align=\"JUSTIFY\">Les premi\u00e8res \u0153uvres de Bernard Ghobert r\u00e9v\u00e8lent d\u2019embl\u00e9e une \u00e9tonnante originalit\u00e9 au sein d\u2019une \u00e9poque domin\u00e9e par l\u2019abstraction. Si les sujets s\u2019inspirent de la r\u00e9alit\u00e9 (natures mortes, perspectives d\u00e9sertes, fa\u00e7ades anonymes, pasages silencieux), ils ne retiennent de celle-ci qu\u2019une substance de nature po\u00e9tique\u00a0; les \u0153uvres ne sont jamais le fruit d\u2019un travail d\u2019apr\u00e8s nature, elles ob\u00e9issent \u00e0 une vision tout int\u00e9rieure (\u00ab\u00a0<i>Je veux choisir le sujet qui convient \u00e0 mon besoin d\u2019harmonie<\/i>\u00a0\u00bb, confesse l\u2019artiste).<\/p>\n<p align=\"JUSTIFY\">Aussit\u00f4t appara\u00eet ce qui caract\u00e9rise l\u2019univers de Ghobert et qui ira s\u2019aiguisant\u00a0: s\u00e9r\u00e9nit\u00e9 de la r\u00eaverie, po\u00e9sie du silence, d\u00e9pouillement des formes, \u00e9quilibre solide de la composition, conception abstraite de la repr\u00e9sentation. Quant \u00e0 la technique, elle fait un usage tout \u00e0 fait inhabituel des crayons de couleur gras, utilis\u00e9s non comme moyen graphique, mais comme une mati\u00e8re picturale qui recouvre enti\u00e8rement le support, si bien que l\u2019on pourrait parler \u00e0 propos des \u0153uvres de Ghobert de \u00ab\u00a0<em>peintures aux crayons de couleur<\/em> \u00bb\u2026 . (Serge Goyens de Heusch)<\/p>\n<blockquote><p>\u00ab\u00a0<em>Il semble que les choses n\u2019attendent qu\u2019un signe pour se r\u00e9v\u00e9ler, mais qu\u2019elles s\u2019immobilisent dans l\u2019instant qui pr\u00e9c\u00e8de la r\u00e9v\u00e9lation\u00a0: au fond de la promesse, il n\u2019y aurait pas l\u2019objet promis, seulement la fascination d\u2019une promesse irr\u00e9alisable, parce que infinie <\/em>\u00bb. (Serge Goyens de Heusch)<\/p><\/blockquote>\n<h2 class=\"western\" align=\"JUSTIFY\">Bernard Ghobert nous offre des \u0153uvres d\u2019une minutie sensible, grave et insolite.<\/h2>\n<figure id=\"attachment_15\" aria-describedby=\"caption-attachment-15\" style=\"width: 217px\" class=\"wp-caption alignright\"><img loading=\"lazy\" class=\"wp-image-15 size-medium\" src=\"http:\/\/bernardghobert.be\/wp-content\/uploads\/2016\/03\/Photo-Bernard-Ghobert-2-217x300.jpg\" alt=\"Photo Bernard Ghobert 2\" width=\"217\" height=\"300\" srcset=\"http:\/\/bernardghobert.be\/wp-content\/uploads\/2016\/03\/Photo-Bernard-Ghobert-2-217x300.jpg 217w, http:\/\/bernardghobert.be\/wp-content\/uploads\/2016\/03\/Photo-Bernard-Ghobert-2-768x1063.jpg 768w, http:\/\/bernardghobert.be\/wp-content\/uploads\/2016\/03\/Photo-Bernard-Ghobert-2-740x1024.jpg 740w\" sizes=\"(max-width: 217px) 100vw, 217px\" \/><figcaption id=\"caption-attachment-15\" class=\"wp-caption-text\">Bernard Ghobert dans les ann\u00e9es 70<\/figcaption><\/figure>\n<p align=\"JUSTIFY\">Mais on ne sent pas le caract\u00e8re appliqu\u00e9 du m\u00e9tier\u00a0: un air de libert\u00e9 flotte dans la r\u00e9sille, une noblesse rayonne de ses paysages mentaux (les jardins ferm\u00e9s de la cit\u00e9 sont les symboles de la solitude du citadin)\u2026. Les \u0153uvres de Bernard Ghobert sont comme l\u2019arc tendu, mais c\u2019est la magie du r\u00eave qui nous touche en plein c\u0153ur. L\u2019intimisme s\u2019allie ici au surr\u00e9el\u00a0: les perspectives d\u00e9sertes, les fa\u00e7ades anonymes, les silences de la ville, la maison prisonni\u00e8re des murs, les arbres dont les branches sont des racines, les objets qui absorbent la lumi\u00e8re, tout cet universau souffle retenu nous invite \u00e0 un profond d\u00e9paysement. Nous entendons les confidences d\u2019une \u00e2me privil\u00e9gi\u00e9e. Elle nous propose sa d\u00e9finition du monde dans des \u0153uvres qui tranchent, par leur gr\u00e2ce immobile, sur le tumulte de la vie artistique. (Paul Caso)<\/p>\n<blockquote>\n<p align=\"JUSTIFY\">Ghobert ne sp\u00e9cule pas sur le non-sens des choses comme les surr\u00e9alistes, mais il poss\u00e8de ce don rare d\u2019\u00e9veiller la sensibilit\u00e9 du contemplateur \u00e0 une sorte de pr\u00e9-science de r\u00e9alit\u00e9s cach\u00e9es, de lui r\u00e9v\u00e9ler du r\u00e9el sa part d\u2019insondable et de profond, son pouvoir po\u00e9tique. (Paul Caso)<\/p>\n<\/blockquote>\n","protected":false},"excerpt":{"rendered":"<p>Bienvenue sur le site consacr\u00e9 \u00e0 l\u2019\u0153uvre de Bernard Ghobert. Bernard Ghobert, cavalier solitaire et po\u00e8te de l\u2019abstrait\u00a0: Les premi\u00e8res <a class=\"more-link\" href=\"http:\/\/bernardghobert.be\/\">Continue Reading<\/a><\/p>\n","protected":false},"author":1,"featured_media":0,"parent":0,"menu_order":0,"comment_status":"closed","ping_status":"closed","template":"","meta":[],"_links":{"self":[{"href":"http:\/\/bernardghobert.be\/index.php\/wp-json\/wp\/v2\/pages\/13"}],"collection":[{"href":"http:\/\/bernardghobert.be\/index.php\/wp-json\/wp\/v2\/pages"}],"about":[{"href":"http:\/\/bernardghobert.be\/index.php\/wp-json\/wp\/v2\/types\/page"}],"author":[{"embeddable":true,"href":"http:\/\/bernardghobert.be\/index.php\/wp-json\/wp\/v2\/users\/1"}],"replies":[{"embeddable":true,"href":"http:\/\/bernardghobert.be\/index.php\/wp-json\/wp\/v2\/comments?post=13"}],"version-history":[{"count":5,"href":"http:\/\/bernardghobert.be\/index.php\/wp-json\/wp\/v2\/pages\/13\/revisions"}],"predecessor-version":[{"id":89,"href":"http:\/\/bernardghobert.be\/index.php\/wp-json\/wp\/v2\/pages\/13\/revisions\/89"}],"wp:attachment":[{"href":"http:\/\/bernardghobert.be\/index.php\/wp-json\/wp\/v2\/media?parent=13"}],"curies":[{"name":"wp","href":"https:\/\/api.w.org\/{rel}","templated":true}]}}